{"id":584,"date":"2019-07-16T20:39:39","date_gmt":"2019-07-16T20:39:39","guid":{"rendered":"https:\/\/food-truck.progressionstudios.com\/?page_id=584"},"modified":"2023-03-24T12:43:19","modified_gmt":"2023-03-24T11:43:19","slug":"contact","status":"publish","type":"page","link":"https:\/\/chez-mmo.fr\/index.php\/contact\/","title":{"rendered":"Contact"},"content":{"rendered":"\t\t<div data-elementor-type=\"wp-post\" data-elementor-id=\"584\" class=\"elementor elementor-584\">\n\t\t\t\t\t\t<section class=\"elementor-section elementor-top-section elementor-element elementor-element-2e4d94eb elementor-section-boxed elementor-section-height-default elementor-section-height-default\" data-id=\"2e4d94eb\" data-element_type=\"section\" data-e-type=\"section\">\n\t\t\t\t\t\t<div class=\"elementor-container elementor-column-gap-default\">\n\t\t\t\t\t<div class=\"elementor-column elementor-col-100 elementor-top-column elementor-element elementor-element-5d87d316\" data-id=\"5d87d316\" data-element_type=\"column\" data-e-type=\"column\">\n\t\t\t<div class=\"elementor-widget-wrap elementor-element-populated\">\n\t\t\t\t\t\t<div class=\"elementor-element elementor-element-53aa5e00 elementor-widget elementor-widget-heading\" data-id=\"53aa5e00\" data-element_type=\"widget\" data-e-type=\"widget\" data-widget_type=\"heading.default\">\n\t\t\t\t<div class=\"elementor-widget-container\">\n\t\t\t\t\t<h2 class=\"elementor-heading-title elementor-size-default\">\u00c9V\u00c9NEMENTS &amp; RESTAURATION<\/h2>\t\t\t\t<\/div>\n\t\t\t\t<\/div>\n\t\t\t\t<div class=\"elementor-element elementor-element-4e5b612b elementor-widget-divider--view-line elementor-widget elementor-widget-divider\" data-id=\"4e5b612b\" data-element_type=\"widget\" data-e-type=\"widget\" data-widget_type=\"divider.default\">\n\t\t\t\t<div class=\"elementor-widget-container\">\n\t\t\t\t\t\t\t<div class=\"elementor-divider\">\n\t\t\t<span class=\"elementor-divider-separator\">\n\t\t\t\t\t\t<\/span>\n\t\t<\/div>\n\t\t\t\t\t\t<\/div>\n\t\t\t\t<\/div>\n\t\t\t\t<div class=\"elementor-element elementor-element-202466fd elementor-widget elementor-widget-image\" data-id=\"202466fd\" data-element_type=\"widget\" data-e-type=\"widget\" data-widget_type=\"image.default\">\n\t\t\t\t<div class=\"elementor-widget-container\">\n\t\t\t\t\t\t\t\t\t\t\t\t\t\t\t<img fetchpriority=\"high\" decoding=\"async\" width=\"1024\" height=\"409\" src=\"https:\/\/chez-mmo.fr\/wp-content\/uploads\/2023\/03\/9108F5BB-2260-49EF-A2A2-67EDFD04AB29_1_201_a-1024x409.jpeg\" class=\"attachment-large size-large wp-image-1054\" alt=\"\" srcset=\"https:\/\/chez-mmo.fr\/wp-content\/uploads\/2023\/03\/9108F5BB-2260-49EF-A2A2-67EDFD04AB29_1_201_a-1024x409.jpeg 1024w, https:\/\/chez-mmo.fr\/wp-content\/uploads\/2023\/03\/9108F5BB-2260-49EF-A2A2-67EDFD04AB29_1_201_a-300x120.jpeg 300w, https:\/\/chez-mmo.fr\/wp-content\/uploads\/2023\/03\/9108F5BB-2260-49EF-A2A2-67EDFD04AB29_1_201_a-768x307.jpeg 768w, https:\/\/chez-mmo.fr\/wp-content\/uploads\/2023\/03\/9108F5BB-2260-49EF-A2A2-67EDFD04AB29_1_201_a-1536x614.jpeg 1536w, https:\/\/chez-mmo.fr\/wp-content\/uploads\/2023\/03\/9108F5BB-2260-49EF-A2A2-67EDFD04AB29_1_201_a-2048x819.jpeg 2048w\" sizes=\"(max-width: 1024px) 100vw, 1024px\" \/>\t\t\t\t\t\t\t\t\t\t\t\t\t\t\t<\/div>\n\t\t\t\t<\/div>\n\t\t\t\t<div class=\"elementor-element elementor-element-8d198e3 elementor-widget elementor-widget-text-editor\" data-id=\"8d198e3\" data-element_type=\"widget\" data-e-type=\"widget\" data-widget_type=\"text-editor.default\">\n\t\t\t\t<div class=\"elementor-widget-container\">\n\t\t\t\t\t\t\t\t\t<h6>Contactez-nous pour tout renseignement. <a href=\"mailto:contact@chez-mmo.fr\">contact@chez-mmo.fr<\/a>\u00a0<\/h6><h6>Nous sommes ouvert \u00e0 tous vos projets et \u00e9v\u00e9nements (enterrement de vie de gar\u00e7on, mariage, anniversaire, rassemblement, f\u00eates, etc.), envoyez nous un email ou appelez nous que nous puissions \u00e9tudier votre projet.<\/h6>\t\t\t\t\t\t\t\t<\/div>\n\t\t\t\t<\/div>\n\t\t\t\t<div class=\"elementor-element elementor-element-8f60e48 elementor-widget elementor-widget-heading\" data-id=\"8f60e48\" data-element_type=\"widget\" data-e-type=\"widget\" data-widget_type=\"heading.default\">\n\t\t\t\t<div class=\"elementor-widget-container\">\n\t\t\t\t\t<div class=\"elementor-heading-title elementor-size-default\">NOTRE EMAIL<\/div>\t\t\t\t<\/div>\n\t\t\t\t<\/div>\n\t\t\t\t<div class=\"elementor-element elementor-element-45d12a2 elementor-widget elementor-widget-heading\" data-id=\"45d12a2\" data-element_type=\"widget\" data-e-type=\"widget\" data-widget_type=\"heading.default\">\n\t\t\t\t<div class=\"elementor-widget-container\">\n\t\t\t\t\t<div class=\"elementor-heading-title elementor-size-default\"><a href=\"mailto:%20contact@chez-mmo.fr\u00a0\">contact@chez-mmo.fr\u00a0<\/a><\/div>\t\t\t\t<\/div>\n\t\t\t\t<\/div>\n\t\t\t\t<div class=\"elementor-element elementor-element-13adc82 elementor-widget elementor-widget-heading\" data-id=\"13adc82\" data-element_type=\"widget\" data-e-type=\"widget\" data-widget_type=\"heading.default\">\n\t\t\t\t<div class=\"elementor-widget-container\">\n\t\t\t\t\t<div class=\"elementor-heading-title elementor-size-default\">POUR NOUS APPELER<\/div>\t\t\t\t<\/div>\n\t\t\t\t<\/div>\n\t\t\t\t<div class=\"elementor-element elementor-element-4c9b199d elementor-widget elementor-widget-heading\" data-id=\"4c9b199d\" data-element_type=\"widget\" data-e-type=\"widget\" data-widget_type=\"heading.default\">\n\t\t\t\t<div class=\"elementor-widget-container\">\n\t\t\t\t\t<div class=\"elementor-heading-title elementor-size-default\">06 22 46 07 14<\/div>\t\t\t\t<\/div>\n\t\t\t\t<\/div>\n\t\t\t\t\t<\/div>\n\t\t<\/div>\n\t\t\t\t\t<\/div>\n\t\t<\/section>\n\t\t\t\t<\/div>\n\t\t","protected":false},"excerpt":{"rendered":"<p>\u00c9V\u00c9NEMENTS &amp; RESTAURATION Contactez-nous pour tout renseignement. contact@chez-mmo.fr&nbsp; Nous sommes ouvert \u00e0 tous vos projets et \u00e9v\u00e9nements (enterrement de vie de gar\u00e7on, mariage, anniversaire, rassemblement, f\u00eates, etc.), envoyez nous un email ou appelez nous que nous puissions \u00e9tudier votre projet. NOTRE EMAIL contact@chez-mmo.fr&nbsp; POUR NOUS APPELER 06 22 46 07 14<\/p>\n","protected":false},"author":1,"featured_media":0,"parent":0,"menu_order":0,"comment_status":"closed","ping_status":"closed","template":"","meta":{"_monsterinsights_skip_tracking":false,"_monsterinsights_sitenote_active":false,"_monsterinsights_sitenote_note":"","_monsterinsights_sitenote_category":0,"footnotes":""},"class_list":["post-584","page","type-page","status-publish","hentry"],"aioseo_notices":[],"_links":{"self":[{"href":"https:\/\/chez-mmo.fr\/index.php\/wp-json\/wp\/v2\/pages\/584","targetHints":{"allow":["GET"]}}],"collection":[{"href":"https:\/\/chez-mmo.fr\/index.php\/wp-json\/wp\/v2\/pages"}],"about":[{"href":"https:\/\/chez-mmo.fr\/index.php\/wp-json\/wp\/v2\/types\/page"}],"author":[{"embeddable":true,"href":"https:\/\/chez-mmo.fr\/index.php\/wp-json\/wp\/v2\/users\/1"}],"replies":[{"embeddable":true,"href":"https:\/\/chez-mmo.fr\/index.php\/wp-json\/wp\/v2\/comments?post=584"}],"version-history":[{"count":18,"href":"https:\/\/chez-mmo.fr\/index.php\/wp-json\/wp\/v2\/pages\/584\/revisions"}],"predecessor-version":[{"id":1059,"href":"https:\/\/chez-mmo.fr\/index.php\/wp-json\/wp\/v2\/pages\/584\/revisions\/1059"}],"wp:attachment":[{"href":"https:\/\/chez-mmo.fr\/index.php\/wp-json\/wp\/v2\/media?parent=584"}],"curies":[{"name":"wp","href":"https:\/\/api.w.org\/{rel}","templated":true}]}}